{"id":3894,"date":"2020-10-12T09:34:14","date_gmt":"2020-10-12T08:34:14","guid":{"rendered":"http:\/\/foodex-group.eu\/homepage\/"},"modified":"2026-03-09T15:28:13","modified_gmt":"2026-03-09T14:28:13","slug":"homepage","status":"publish","type":"page","link":"http:\/\/new-foodex.fidesio.com\/es\/","title":{"rendered":"Homepage"},"content":{"rendered":"","protected":false},"excerpt":{"rendered":"","protected":false},"author":1,"featured_media":0,"parent":0,"menu_order":-1,"comment_status":"closed","ping_status":"closed","template":"","meta":{"om_disable_all_campaigns":false,"_monsterinsights_skip_tracking":false,"_monsterinsights_sitenote_active":false,"_monsterinsights_sitenote_note":"","_monsterinsights_sitenote_category":0,"_uf_show_specific_survey":0,"_uf_disable_surveys":false,"footnotes":""},"class_list":["post-3894","page","type-page","status-publish","hentry"],"acf":[],"aioseo_notices":[],"yoast_head":"<!-- This site is optimized with the Yoast SEO plugin v27.4 - https:\/\/yoast.com\/product\/yoast-seo-wordpress\/ -->\n<title>Foodex Group | Mayorista de alimentos especializado en productos japoneses<\/title>\n<meta name=\"description\" content=\"Importador y distribuidor de productos alimentarios japoneses, Foodex est\u00e1 al servicio de los profesionales de la restauraci\u00f3n con m\u00e1s de 2500 referencias...\" \/>\n<meta name=\"robots\" content=\"index, follow, max-snippet:-1, max-image-preview:large, max-video-preview:-1\" \/>\n<link rel=\"canonical\" href=\"http:\/\/new-foodex.fidesio.com\/es\/\" \/>\n<meta property=\"og:locale\" content=\"es_ES\" \/>\n<meta property=\"og:type\" content=\"article\" \/>\n<meta property=\"og:title\" content=\"Foodex Group | Mayorista de alimentos especializado en productos japoneses\" \/>\n<meta property=\"og:description\" content=\"Importador y distribuidor de productos alimentarios japoneses, Foodex est\u00e1 al servicio de los profesionales de la restauraci\u00f3n con m\u00e1s de 2500 referencias...\" \/>\n<meta property=\"og:url\" content=\"http:\/\/new-foodex.fidesio.com\/es\/\" \/>\n<meta property=\"og:site_name\" content=\"Foodex\" \/>\n<meta property=\"article:modified_time\" content=\"2026-03-09T14:28:13+00:00\" \/>\n<meta name=\"twitter:card\" content=\"summary_large_image\" \/>\n<script type=\"application\/ld+json\" class=\"yoast-schema-graph\">{\"@context\":\"https:\\\/\\\/schema.org\",\"@graph\":[{\"@type\":\"WebPage\",\"@id\":\"http:\\\/\\\/new-foodex.fidesio.com\\\/es\\\/\",\"url\":\"http:\\\/\\\/new-foodex.fidesio.com\\\/es\\\/\",\"name\":\"Foodex Group | Mayorista de alimentos especializado en productos japoneses\",\"isPartOf\":{\"@id\":\"http:\\\/\\\/new-foodex.fidesio.com\\\/#website\"},\"datePublished\":\"2020-10-12T08:34:14+00:00\",\"dateModified\":\"2026-03-09T14:28:13+00:00\",\"description\":\"Importador y distribuidor de productos alimentarios japoneses, Foodex est\u00e1 al servicio de los profesionales de la restauraci\u00f3n con m\u00e1s de 2500 referencias...\",\"inLanguage\":\"es\",\"potentialAction\":[{\"@type\":\"ReadAction\",\"target\":[\"http:\\\/\\\/new-foodex.fidesio.com\\\/es\\\/\"]}]},{\"@type\":\"WebSite\",\"@id\":\"http:\\\/\\\/new-foodex.fidesio.com\\\/#website\",\"url\":\"http:\\\/\\\/new-foodex.fidesio.com\\\/\",\"name\":\"Foodex\",\"description\":\"Foodex\",\"publisher\":{\"@id\":\"http:\\\/\\\/new-foodex.fidesio.com\\\/#organization\"},\"potentialAction\":[{\"@type\":\"SearchAction\",\"target\":{\"@type\":\"EntryPoint\",\"urlTemplate\":\"http:\\\/\\\/new-foodex.fidesio.com\\\/?s={search_term_string}\"},\"query-input\":{\"@type\":\"PropertyValueSpecification\",\"valueRequired\":true,\"valueName\":\"search_term_string\"}}],\"inLanguage\":\"es\"},{\"@type\":\"Organization\",\"@id\":\"http:\\\/\\\/new-foodex.fidesio.com\\\/#organization\",\"name\":\"Foodex Group\",\"url\":\"http:\\\/\\\/new-foodex.fidesio.com\\\/\",\"logo\":{\"@type\":\"ImageObject\",\"inLanguage\":\"es\",\"@id\":\"http:\\\/\\\/new-foodex.fidesio.com\\\/#\\\/schema\\\/logo\\\/image\\\/\",\"url\":\"https:\\\/\\\/new-foodex.fidesio.com\\\/wp-content\\\/uploads\\\/2020\\\/12\\\/groupe_436.png\",\"contentUrl\":\"https:\\\/\\\/new-foodex.fidesio.com\\\/wp-content\\\/uploads\\\/2020\\\/12\\\/groupe_436.png\",\"width\":156,\"height\":177,\"caption\":\"Foodex Group\"},\"image\":{\"@id\":\"http:\\\/\\\/new-foodex.fidesio.com\\\/#\\\/schema\\\/logo\\\/image\\\/\"},\"sameAs\":[\"https:\\\/\\\/www.linkedin.com\\\/company\\\/foodex-group\\\/?originalSubdomain=fr\"]}]}<\/script>\n<!-- \/ Yoast SEO plugin. -->","yoast_head_json":{"title":"Foodex Group | Mayorista de alimentos especializado en productos japoneses","description":"Importador y distribuidor de productos alimentarios japoneses, Foodex est\u00e1 al servicio de los profesionales de la restauraci\u00f3n con m\u00e1s de 2500 referencias...","robots":{"index":"index","follow":"follow","max-snippet":"max-snippet:-1","max-image-preview":"max-image-preview:large","max-video-preview":"max-video-preview:-1"},"canonical":"http:\/\/new-foodex.fidesio.com\/es\/","og_locale":"es_ES","og_type":"article","og_title":"Foodex Group | Mayorista de alimentos especializado en productos japoneses","og_description":"Importador y distribuidor de productos alimentarios japoneses, Foodex est\u00e1 al servicio de los profesionales de la restauraci\u00f3n con m\u00e1s de 2500 referencias...","og_url":"http:\/\/new-foodex.fidesio.com\/es\/","og_site_name":"Foodex","article_modified_time":"2026-03-09T14:28:13+00:00","twitter_card":"summary_large_image","schema":{"@context":"https:\/\/schema.org","@graph":[{"@type":"WebPage","@id":"http:\/\/new-foodex.fidesio.com\/es\/","url":"http:\/\/new-foodex.fidesio.com\/es\/","name":"Foodex Group | Mayorista de alimentos especializado en productos japoneses","isPartOf":{"@id":"http:\/\/new-foodex.fidesio.com\/#website"},"datePublished":"2020-10-12T08:34:14+00:00","dateModified":"2026-03-09T14:28:13+00:00","description":"Importador y distribuidor de productos alimentarios japoneses, Foodex est\u00e1 al servicio de los profesionales de la restauraci\u00f3n con m\u00e1s de 2500 referencias...","inLanguage":"es","potentialAction":[{"@type":"ReadAction","target":["http:\/\/new-foodex.fidesio.com\/es\/"]}]},{"@type":"WebSite","@id":"http:\/\/new-foodex.fidesio.com\/#website","url":"http:\/\/new-foodex.fidesio.com\/","name":"Foodex","description":"Foodex","publisher":{"@id":"http:\/\/new-foodex.fidesio.com\/#organization"},"potentialAction":[{"@type":"SearchAction","target":{"@type":"EntryPoint","urlTemplate":"http:\/\/new-foodex.fidesio.com\/?s={search_term_string}"},"query-input":{"@type":"PropertyValueSpecification","valueRequired":true,"valueName":"search_term_string"}}],"inLanguage":"es"},{"@type":"Organization","@id":"http:\/\/new-foodex.fidesio.com\/#organization","name":"Foodex Group","url":"http:\/\/new-foodex.fidesio.com\/","logo":{"@type":"ImageObject","inLanguage":"es","@id":"http:\/\/new-foodex.fidesio.com\/#\/schema\/logo\/image\/","url":"https:\/\/new-foodex.fidesio.com\/wp-content\/uploads\/2020\/12\/groupe_436.png","contentUrl":"https:\/\/new-foodex.fidesio.com\/wp-content\/uploads\/2020\/12\/groupe_436.png","width":156,"height":177,"caption":"Foodex Group"},"image":{"@id":"http:\/\/new-foodex.fidesio.com\/#\/schema\/logo\/image\/"},"sameAs":["https:\/\/www.linkedin.com\/company\/foodex-group\/?originalSubdomain=fr"]}]}},"_links":{"self":[{"href":"http:\/\/new-foodex.fidesio.com\/es\/wp-json\/wp\/v2\/pages\/3894","targetHints":{"allow":["GET"]}}],"collection":[{"href":"http:\/\/new-foodex.fidesio.com\/es\/wp-json\/wp\/v2\/pages"}],"about":[{"href":"http:\/\/new-foodex.fidesio.com\/es\/wp-json\/wp\/v2\/types\/page"}],"author":[{"embeddable":true,"href":"http:\/\/new-foodex.fidesio.com\/es\/wp-json\/wp\/v2\/users\/1"}],"replies":[{"embeddable":true,"href":"http:\/\/new-foodex.fidesio.com\/es\/wp-json\/wp\/v2\/comments?post=3894"}],"version-history":[{"count":32,"href":"http:\/\/new-foodex.fidesio.com\/es\/wp-json\/wp\/v2\/pages\/3894\/revisions"}],"predecessor-version":[{"id":16061,"href":"http:\/\/new-foodex.fidesio.com\/es\/wp-json\/wp\/v2\/pages\/3894\/revisions\/16061"}],"wp:attachment":[{"href":"http:\/\/new-foodex.fidesio.com\/es\/wp-json\/wp\/v2\/media?parent=3894"}],"curies":[{"name":"wp","href":"https:\/\/api.w.org\/{rel}","templated":true}]}}